{"id":7,"date":"2018-05-25T11:33:39","date_gmt":"2018-05-25T09:33:39","guid":{"rendered":"https:\/\/station-service.org\/?page_id=7"},"modified":"2026-02-09T17:15:54","modified_gmt":"2026-02-09T16:15:54","slug":"accueil","status":"publish","type":"page","link":"https:\/\/station-service.org\/","title":{"rendered":"Bureaux \u00e0 partager \u00e0 Nancy,"},"content":{"rendered":"\n<h3 class=\"wp-block-heading\">La Station Service<\/h3>\n\n\n\n<p>L\u2019association permet \u00e0 ses membres de partager un espace de travail commun dans une logique d\u2019entraide et de mutualisation.<\/p>\n\n\n\n<p>Actuellement, les r\u00e9sidents sont de profils vari\u00e9s: acteurs associatifs, ing\u00e9nieurs, d\u00e9veloppeurs et graphistes, assistante commerciale ou designers&#8230; <\/p>\n\n\n\n<p>Le nombre de membres accueillis est volontairement limit\u00e9 afin de pr\u00e9server l\u2019\u00e9quilibre du lieu.<\/p>\n\n\n\n<p>\u00c7a se passe dans le joyeux quartier Saint Nicolas, dans un appartement r\u00e9nov\u00e9 d&rsquo;une grosse centaine de m\u00e8tres carr\u00e9s.<\/p>\n\n\n\n<p>Le S\u00e9jour\/Cuisine est accessible \u00e0 chacun et la machine \u00e0 caf\u00e9 est le centre n\u00e9vralgique du lieu.<br><\/p>\n\n\n\n<div class=\"wp-block-buttons is-content-justification-center is-layout-flex wp-container-core-buttons-is-layout-16018d1d wp-block-buttons-is-layout-flex\">\n<div class=\"wp-block-button has-custom-width wp-block-button__width-50 is-style-outline is-style-outline--1\"><a class=\"wp-block-button__link has-small-font-size has-custom-font-size wp-element-button\" href=\"https:\/\/station-service.org\/index.php\/contact\/\" style=\"border-radius:45px\">Contactez-nous !<\/a><\/div>\n<\/div>\n\n\n\n<h2 class=\"wp-block-heading\">NOUVEAUT\u00c9 2025 &#8211; SERIGRAPHIE SAUVAGE DE LA STATION SERVICE <\/h2>\n\n\n\n<p class=\"has-text-align-center\"><strong>FAUVE<\/strong><\/p>\n\n\n<div class=\"wp-block-image\">\n<figure class=\"aligncenter size-large is-resized\"><img loading=\"lazy\" decoding=\"async\" width=\"1024\" height=\"1007\" src=\"https:\/\/station-service.org\/wp-content\/uploads\/2025\/03\/Fauve1-1024x1007.jpg\" alt=\"\" class=\"wp-image-374\" style=\"width:393px;height:385px\" srcset=\"https:\/\/station-service.org\/wp-content\/uploads\/2025\/03\/Fauve1-1024x1007.jpg 1024w, https:\/\/station-service.org\/wp-content\/uploads\/2025\/03\/Fauve1-300x295.jpg 300w, https:\/\/station-service.org\/wp-content\/uploads\/2025\/03\/Fauve1-768x755.jpg 768w, https:\/\/station-service.org\/wp-content\/uploads\/2025\/03\/Fauve1-1536x1510.jpg 1536w, https:\/\/station-service.org\/wp-content\/uploads\/2025\/03\/Fauve1-2048x2013.jpg 2048w\" sizes=\"auto, (max-width: 767px) 89vw, (max-width: 1000px) 54vw, (max-width: 1071px) 543px, 580px\" \/><\/figure>\n<\/div>\n\n\n<div class=\"wp-block-buttons is-content-justification-center is-layout-flex wp-container-core-buttons-is-layout-16018d1d wp-block-buttons-is-layout-flex\">\n<div class=\"wp-block-button\"><a class=\"wp-block-button__link wp-element-button\" href=\"https:\/\/station-service.org\/index.php\/serigraphie-artisanale-nancy\/\">pour en savoir bien plus ?<br> clique ici petit curieux !<\/a><\/div>\n<\/div>\n\n\n\n<div style=\"height:31px\" aria-hidden=\"true\" class=\"wp-block-spacer\"><\/div>\n\n\n\n<hr class=\"wp-block-separator has-alpha-channel-opacity\"\/>\n\n\n\n<figure class=\"wp-block-gallery has-nested-images columns-default is-cropped wp-block-gallery-2 is-layout-flex wp-block-gallery-is-layout-flex\">\n<figure class=\"wp-block-image size-large\"><img loading=\"lazy\" decoding=\"async\" width=\"1024\" height=\"637\" data-id=\"234\" src=\"https:\/\/station-service.org\/wp-content\/uploads\/2022\/07\/DSC09417-1024x637.jpg\" alt=\"\" class=\"wp-image-234\" srcset=\"https:\/\/station-service.org\/wp-content\/uploads\/2022\/07\/DSC09417-1024x637.jpg 1024w, https:\/\/station-service.org\/wp-content\/uploads\/2022\/07\/DSC09417-300x187.jpg 300w, https:\/\/station-service.org\/wp-content\/uploads\/2022\/07\/DSC09417-768x478.jpg 768w, https:\/\/station-service.org\/wp-content\/uploads\/2022\/07\/DSC09417-1536x956.jpg 1536w, https:\/\/station-service.org\/wp-content\/uploads\/2022\/07\/DSC09417-2048x1275.jpg 2048w\" sizes=\"auto, (max-width: 767px) 89vw, (max-width: 1000px) 54vw, (max-width: 1071px) 543px, 580px\" \/><\/figure>\n\n\n\n<figure class=\"wp-block-image size-large\"><img loading=\"lazy\" decoding=\"async\" width=\"1024\" height=\"683\" data-id=\"235\" src=\"https:\/\/station-service.org\/wp-content\/uploads\/2022\/07\/DSC09419-1024x683.jpg\" alt=\"\" class=\"wp-image-235\" srcset=\"https:\/\/station-service.org\/wp-content\/uploads\/2022\/07\/DSC09419-1024x683.jpg 1024w, https:\/\/station-service.org\/wp-content\/uploads\/2022\/07\/DSC09419-300x200.jpg 300w, https:\/\/station-service.org\/wp-content\/uploads\/2022\/07\/DSC09419-768x512.jpg 768w, https:\/\/station-service.org\/wp-content\/uploads\/2022\/07\/DSC09419-1536x1024.jpg 1536w, https:\/\/station-service.org\/wp-content\/uploads\/2022\/07\/DSC09419-2048x1365.jpg 2048w\" sizes=\"auto, (max-width: 767px) 89vw, (max-width: 1000px) 54vw, (max-width: 1071px) 543px, 580px\" \/><\/figure>\n<\/figure>\n\n\n\n<h2 class=\"wp-block-heading has-text-align-center\">Et toujours ! <strong>la cantine clandestine<\/strong>! <\/h2>\n\n\n\n<p class=\"has-text-align-center\"><strong>Chaque jeudi midi<\/strong> : un chef, un plat, douze convives max. <br>Repas partag\u00e9 organis\u00e9 par les membres, avec participation libre aux frais,<br> places limit\u00e9es, r\u00e9servation obligatoire ! <br>contacts via WhatsApp, on a vir\u00e9 notre SocialManager.<\/p>\n\n\n\n<hr class=\"wp-block-separator has-alpha-channel-opacity\"\/>\n","protected":false},"excerpt":{"rendered":"<p>La Station Service L\u2019association permet \u00e0 ses membres de partager un espace de travail commun dans une logique d\u2019entraide et de mutualisation. Actuellement, les r\u00e9sidents sont de profils vari\u00e9s: acteurs associatifs, ing\u00e9nieurs, d\u00e9veloppeurs et graphistes, assistante commerciale ou designers&#8230; Le nombre de membres accueillis est volontairement limit\u00e9 afin de pr\u00e9server l\u2019\u00e9quilibre du lieu. \u00c7a se &hellip; <\/p>\n<p class=\"link-more\"><a href=\"https:\/\/station-service.org\/\" class=\"more-link\">Continuer la lecture<span class=\"screen-reader-text\"> de &laquo;&nbsp;Bureaux \u00e0 partager \u00e0 Nancy,&nbsp;&raquo;<\/span><\/a><\/p>\n","protected":false},"author":1,"featured_media":210,"parent":0,"menu_order":0,"comment_status":"closed","ping_status":"closed","template":"","meta":{"footnotes":""},"class_list":["post-7","page","type-page","status-publish","has-post-thumbnail","hentry"],"yoast_head":"<!-- This site is optimized with the Yoast SEO plugin v27.3 - https:\/\/yoast.com\/product\/yoast-seo-wordpress\/ -->\n<title>Bureaux \u00e0 partager \u00e0 Nancy, - Station Service<\/title>\n<meta name=\"description\" content=\"Espace modeste et qualitatif de coworking \u00e0 Nancy, nous pouvons h\u00e9berger 8 travailleurs dans 4 spacieux bureaux, en concervant un espace de vie convivial.\" \/>\n<meta name=\"robots\" content=\"index, follow, max-snippet:-1, max-image-preview:large, max-video-preview:-1\" \/>\n<link rel=\"canonical\" href=\"https:\/\/station-service.org\/\" \/>\n<meta property=\"og:locale\" content=\"fr_FR\" \/>\n<meta property=\"og:type\" content=\"article\" \/>\n<meta property=\"og:title\" content=\"Bureaux \u00e0 partager \u00e0 Nancy, - Station Service\" \/>\n<meta property=\"og:description\" content=\"Espace modeste et qualitatif de coworking \u00e0 Nancy, nous pouvons h\u00e9berger 8 travailleurs dans 4 spacieux bureaux, en concervant un espace de vie convivial.\" \/>\n<meta property=\"og:url\" content=\"https:\/\/station-service.org\/\" \/>\n<meta property=\"og:site_name\" content=\"Station Service\" \/>\n<meta property=\"article:modified_time\" content=\"2026-02-09T16:15:54+00:00\" \/>\n<meta property=\"og:image\" content=\"https:\/\/station-service.org\/wp-content\/uploads\/2022\/02\/20220214_164103-scaled.jpg\" \/>\n\t<meta property=\"og:image:width\" content=\"2560\" \/>\n\t<meta property=\"og:image:height\" content=\"1920\" \/>\n\t<meta property=\"og:image:type\" content=\"image\/jpeg\" \/>\n<meta name=\"twitter:card\" content=\"summary_large_image\" \/>\n<meta name=\"twitter:label1\" content=\"Dur\u00e9e de lecture estim\u00e9e\" \/>\n\t<meta name=\"twitter:data1\" content=\"2 minutes\" \/>\n<script type=\"application\/ld+json\" class=\"yoast-schema-graph\">{\"@context\":\"https:\\\/\\\/schema.org\",\"@graph\":[{\"@type\":\"WebPage\",\"@id\":\"https:\\\/\\\/station-service.org\\\/\",\"url\":\"https:\\\/\\\/station-service.org\\\/\",\"name\":\"Bureaux \u00e0 partager \u00e0 Nancy, - Station Service\",\"isPartOf\":{\"@id\":\"https:\\\/\\\/station-service.org\\\/#website\"},\"primaryImageOfPage\":{\"@id\":\"https:\\\/\\\/station-service.org\\\/#primaryimage\"},\"image\":{\"@id\":\"https:\\\/\\\/station-service.org\\\/#primaryimage\"},\"thumbnailUrl\":\"https:\\\/\\\/station-service.org\\\/wp-content\\\/uploads\\\/2022\\\/02\\\/20220214_164103-scaled.jpg\",\"datePublished\":\"2018-05-25T09:33:39+00:00\",\"dateModified\":\"2026-02-09T16:15:54+00:00\",\"description\":\"Espace modeste et qualitatif de coworking \u00e0 Nancy, nous pouvons h\u00e9berger 8 travailleurs dans 4 spacieux bureaux, en concervant un espace de vie convivial.\",\"breadcrumb\":{\"@id\":\"https:\\\/\\\/station-service.org\\\/#breadcrumb\"},\"inLanguage\":\"fr-FR\",\"potentialAction\":[{\"@type\":\"ReadAction\",\"target\":[\"https:\\\/\\\/station-service.org\\\/\"]}]},{\"@type\":\"ImageObject\",\"inLanguage\":\"fr-FR\",\"@id\":\"https:\\\/\\\/station-service.org\\\/#primaryimage\",\"url\":\"https:\\\/\\\/station-service.org\\\/wp-content\\\/uploads\\\/2022\\\/02\\\/20220214_164103-scaled.jpg\",\"contentUrl\":\"https:\\\/\\\/station-service.org\\\/wp-content\\\/uploads\\\/2022\\\/02\\\/20220214_164103-scaled.jpg\",\"width\":2560,\"height\":1920},{\"@type\":\"BreadcrumbList\",\"@id\":\"https:\\\/\\\/station-service.org\\\/#breadcrumb\",\"itemListElement\":[{\"@type\":\"ListItem\",\"position\":1,\"name\":\"Accueil\",\"item\":\"https:\\\/\\\/station-service.org\\\/\"},{\"@type\":\"ListItem\",\"position\":2,\"name\":\"Bureaux \u00e0 partager \u00e0 Nancy,\"}]},{\"@type\":\"WebSite\",\"@id\":\"https:\\\/\\\/station-service.org\\\/#website\",\"url\":\"https:\\\/\\\/station-service.org\\\/\",\"name\":\"Station Service\",\"description\":\"Un espace associatif de travail partag\u00e9, port\u00e9 par une association loi 1901\",\"publisher\":{\"@id\":\"https:\\\/\\\/station-service.org\\\/#organization\"},\"potentialAction\":[{\"@type\":\"SearchAction\",\"target\":{\"@type\":\"EntryPoint\",\"urlTemplate\":\"https:\\\/\\\/station-service.org\\\/?s={search_term_string}\"},\"query-input\":{\"@type\":\"PropertyValueSpecification\",\"valueRequired\":true,\"valueName\":\"search_term_string\"}}],\"inLanguage\":\"fr-FR\"},{\"@type\":\"Organization\",\"@id\":\"https:\\\/\\\/station-service.org\\\/#organization\",\"name\":\"Station Service\",\"url\":\"https:\\\/\\\/station-service.org\\\/\",\"logo\":{\"@type\":\"ImageObject\",\"inLanguage\":\"fr-FR\",\"@id\":\"https:\\\/\\\/station-service.org\\\/#\\\/schema\\\/logo\\\/image\\\/\",\"url\":\"https:\\\/\\\/station-service.org\\\/wp-content\\\/uploads\\\/2019\\\/02\\\/cropped-logo.gif\",\"contentUrl\":\"https:\\\/\\\/station-service.org\\\/wp-content\\\/uploads\\\/2019\\\/02\\\/cropped-logo.gif\",\"width\":250,\"height\":250,\"caption\":\"Station Service\"},\"image\":{\"@id\":\"https:\\\/\\\/station-service.org\\\/#\\\/schema\\\/logo\\\/image\\\/\"}}]}<\/script>\n<!-- \/ Yoast SEO plugin. -->","yoast_head_json":{"title":"Bureaux \u00e0 partager \u00e0 Nancy, - Station Service","description":"Espace modeste et qualitatif de coworking \u00e0 Nancy, nous pouvons h\u00e9berger 8 travailleurs dans 4 spacieux bureaux, en concervant un espace de vie convivial.","robots":{"index":"index","follow":"follow","max-snippet":"max-snippet:-1","max-image-preview":"max-image-preview:large","max-video-preview":"max-video-preview:-1"},"canonical":"https:\/\/station-service.org\/","og_locale":"fr_FR","og_type":"article","og_title":"Bureaux \u00e0 partager \u00e0 Nancy, - Station Service","og_description":"Espace modeste et qualitatif de coworking \u00e0 Nancy, nous pouvons h\u00e9berger 8 travailleurs dans 4 spacieux bureaux, en concervant un espace de vie convivial.","og_url":"https:\/\/station-service.org\/","og_site_name":"Station Service","article_modified_time":"2026-02-09T16:15:54+00:00","og_image":[{"width":2560,"height":1920,"url":"https:\/\/station-service.org\/wp-content\/uploads\/2022\/02\/20220214_164103-scaled.jpg","type":"image\/jpeg"}],"twitter_card":"summary_large_image","twitter_misc":{"Dur\u00e9e de lecture estim\u00e9e":"2 minutes"},"schema":{"@context":"https:\/\/schema.org","@graph":[{"@type":"WebPage","@id":"https:\/\/station-service.org\/","url":"https:\/\/station-service.org\/","name":"Bureaux \u00e0 partager \u00e0 Nancy, - Station Service","isPartOf":{"@id":"https:\/\/station-service.org\/#website"},"primaryImageOfPage":{"@id":"https:\/\/station-service.org\/#primaryimage"},"image":{"@id":"https:\/\/station-service.org\/#primaryimage"},"thumbnailUrl":"https:\/\/station-service.org\/wp-content\/uploads\/2022\/02\/20220214_164103-scaled.jpg","datePublished":"2018-05-25T09:33:39+00:00","dateModified":"2026-02-09T16:15:54+00:00","description":"Espace modeste et qualitatif de coworking \u00e0 Nancy, nous pouvons h\u00e9berger 8 travailleurs dans 4 spacieux bureaux, en concervant un espace de vie convivial.","breadcrumb":{"@id":"https:\/\/station-service.org\/#breadcrumb"},"inLanguage":"fr-FR","potentialAction":[{"@type":"ReadAction","target":["https:\/\/station-service.org\/"]}]},{"@type":"ImageObject","inLanguage":"fr-FR","@id":"https:\/\/station-service.org\/#primaryimage","url":"https:\/\/station-service.org\/wp-content\/uploads\/2022\/02\/20220214_164103-scaled.jpg","contentUrl":"https:\/\/station-service.org\/wp-content\/uploads\/2022\/02\/20220214_164103-scaled.jpg","width":2560,"height":1920},{"@type":"BreadcrumbList","@id":"https:\/\/station-service.org\/#breadcrumb","itemListElement":[{"@type":"ListItem","position":1,"name":"Accueil","item":"https:\/\/station-service.org\/"},{"@type":"ListItem","position":2,"name":"Bureaux \u00e0 partager \u00e0 Nancy,"}]},{"@type":"WebSite","@id":"https:\/\/station-service.org\/#website","url":"https:\/\/station-service.org\/","name":"Station Service","description":"Un espace associatif de travail partag\u00e9, port\u00e9 par une association loi 1901","publisher":{"@id":"https:\/\/station-service.org\/#organization"},"potentialAction":[{"@type":"SearchAction","target":{"@type":"EntryPoint","urlTemplate":"https:\/\/station-service.org\/?s={search_term_string}"},"query-input":{"@type":"PropertyValueSpecification","valueRequired":true,"valueName":"search_term_string"}}],"inLanguage":"fr-FR"},{"@type":"Organization","@id":"https:\/\/station-service.org\/#organization","name":"Station Service","url":"https:\/\/station-service.org\/","logo":{"@type":"ImageObject","inLanguage":"fr-FR","@id":"https:\/\/station-service.org\/#\/schema\/logo\/image\/","url":"https:\/\/station-service.org\/wp-content\/uploads\/2019\/02\/cropped-logo.gif","contentUrl":"https:\/\/station-service.org\/wp-content\/uploads\/2019\/02\/cropped-logo.gif","width":250,"height":250,"caption":"Station Service"},"image":{"@id":"https:\/\/station-service.org\/#\/schema\/logo\/image\/"}}]}},"_links":{"self":[{"href":"https:\/\/station-service.org\/index.php\/wp-json\/wp\/v2\/pages\/7","targetHints":{"allow":["GET"]}}],"collection":[{"href":"https:\/\/station-service.org\/index.php\/wp-json\/wp\/v2\/pages"}],"about":[{"href":"https:\/\/station-service.org\/index.php\/wp-json\/wp\/v2\/types\/page"}],"author":[{"embeddable":true,"href":"https:\/\/station-service.org\/index.php\/wp-json\/wp\/v2\/users\/1"}],"replies":[{"embeddable":true,"href":"https:\/\/station-service.org\/index.php\/wp-json\/wp\/v2\/comments?post=7"}],"version-history":[{"count":42,"href":"https:\/\/station-service.org\/index.php\/wp-json\/wp\/v2\/pages\/7\/revisions"}],"predecessor-version":[{"id":411,"href":"https:\/\/station-service.org\/index.php\/wp-json\/wp\/v2\/pages\/7\/revisions\/411"}],"wp:featuredmedia":[{"embeddable":true,"href":"https:\/\/station-service.org\/index.php\/wp-json\/wp\/v2\/media\/210"}],"wp:attachment":[{"href":"https:\/\/station-service.org\/index.php\/wp-json\/wp\/v2\/media?parent=7"}],"curies":[{"name":"wp","href":"https:\/\/api.w.org\/{rel}","templated":true}]}}